{"id":2302,"date":"2025-10-12T01:45:39","date_gmt":"2025-10-12T01:45:39","guid":{"rendered":"https:\/\/iptvsmarters-officiel.com\/?page_id=2302"},"modified":"2026-04-04T20:33:51","modified_gmt":"2026-04-04T20:33:51","slug":"finalisez-votre-paiement-12mois-2c","status":"publish","type":"page","link":"https:\/\/iptvsmarters-officiel.com\/smarters-2026\/finalisez-votre-paiement-12mois-2c\/","title":{"rendered":"Finalisez votre paiement &#8211; Offre 12 Mois \/ 2 Connexions (3 Mois Offerts)"},"content":{"rendered":"\t\t<div data-elementor-type=\"wp-page\" data-elementor-id=\"2302\" class=\"elementor elementor-2302\" data-elementor-post-type=\"page\">\n\t\t\t\t\t\t<section class=\"elementor-section elementor-top-section elementor-element elementor-element-429ef510 elementor-section-boxed elementor-section-height-default elementor-section-height-default wpr-particle-no wpr-jarallax-no wpr-parallax-no wpr-sticky-section-no wpr-equal-height-no\" data-id=\"429ef510\" data-element_type=\"section\" data-e-type=\"section\">\n\t\t\t\t\t\t<div class=\"elementor-container elementor-column-gap-default\">\n\t\t\t\t\t<div class=\"elementor-column elementor-col-100 elementor-top-column elementor-element elementor-element-f603b75\" data-id=\"f603b75\" data-element_type=\"column\" data-e-type=\"column\">\n\t\t\t<div class=\"elementor-widget-wrap elementor-element-populated\">\n\t\t\t\t\t\t<div class=\"elementor-element elementor-element-383a3c9 elementor-widget elementor-widget-html\" data-id=\"383a3c9\" data-element_type=\"widget\" data-e-type=\"widget\" data-widget_type=\"html.default\">\n\t\t\t\t<div class=\"elementor-widget-container\">\n\t\t\t\t\t<div class=\"thankyou-wrap\" style=\"max-width:720px;margin:24px auto;padding:22px 24px;border:1px solid #e9ecef;border-radius:16px;font-family:system-ui,-apple-system,Segoe UI,Roboto,Arial,sans-serif;line-height:1.55;background:#fff;text-align:center\">\n\n  <!-- Logo -->\n  <a href=\"https:\/\/smarters-official.store\/\" style=\"display:inline-block;margin-bottom:18px;\">\n    <img decoding=\"async\" src=\"https:\/\/smarters-official.store\/wp-content\/uploads\/2024\/03\/iptvsmarters-logo2-300x111-1.webp\" alt=\"IPTV Smarters Pro\" style=\"max-height:60px;\">\n  <\/a>\n\n  <!-- Titre avec ic\u00f4ne -->\n  <h2 style=\"margin:0 0 14px 0;font-size:22px;display:flex;align-items:center;justify-content:center;gap:10px;color:#b54708\">\n    <span style=\"display:inline-flex;width:28px;height:28px;align-items:center;justify-content:center;border-radius:50%;background:#ffefc6;font-size:16px;\">\u26a0\ufe0f<\/span>\n    Finalisez votre paiement en 1 minute sur WhatsApp\n  <\/h2>\n\n  <!-- Intro -->\n  <p style=\"margin:10px 0 0;color:#111;font-size:16px\">\n    Merci pour votre commande <strong id=\"sp-order-label\">(Commande en cours)<\/strong> sur <strong>IPTV Smarters Pro<\/strong>.<br>\n    \u26a0\ufe0f <strong>Votre paiement n\u2019a pas encore \u00e9t\u00e9 valid\u00e9.<\/strong>\n  <\/p>\n\n  <!-- \u00c9tapes -->\n  <ol style=\"margin:16px 0 0;padding-left:22px;text-align:left;display:inline-block;font-size:15px\">\n    <li>Ouvrez WhatsApp avec le bouton ci-dessous.<\/li>\n    <li>Recevez le lien de paiement s\u00e9curis\u00e9 (moins d\u20191 minute).<\/li>\n    <li>Obtenez imm\u00e9diatement votre <strong>code d\u2019activation<\/strong>.<\/li>\n  <\/ol>\n\n  <!-- Bouton WhatsApp (Offre 12 Mois \u2013 2 Connexions) -->\n  <div style=\"text-align:center;margin:20px 0 12px;\">\n    <a href=\"https:\/\/wa.me\/447575858113?text=Bonjour,+je+suis+int\u00e9ress\u00e9+par+l'offre:+IPTV+SMARTERS+PRO+12+MOIS+2+Connexions+(+3+mois+offerts+)\"\n       style=\"display:inline-block;padding:16px 22px;background:#25D366;color:#fff;text-decoration:none;border-radius:14px;font-weight:700;font-size:17px;box-shadow:0 3px 6px rgba(0,0,0,0.15)\">\n      \ud83d\udcac Finaliser mon paiement \u2013 Offre 12 Mois \/ 2 Connexions \n    <\/a>\n  <\/div>\n\n \t\t\t\t<\/div>\n\t\t\t\t<\/div>\n\t\t\t\t\t<\/div>\n\t\t<\/div>\n\t\t\t\t\t<\/div>\n\t\t<\/section>\n\t\t\t\t<\/div>\n\t\t","protected":false},"excerpt":{"rendered":"<p>&#x26a0;&#xfe0f; Finalisez votre paiement en 1 minute sur WhatsApp Merci pour votre commande (Commande en cours) sur IPTV Smarters Pro. &#x26a0;&#xfe0f; Votre paiement n\u2019a pas encore \u00e9t\u00e9 valid\u00e9. Ouvrez WhatsApp avec le bouton ci-dessous. Recevez le lien de paiement s\u00e9curis\u00e9 (moins d\u20191 minute). Obtenez imm\u00e9diatement votre code d\u2019activation. &#x1f4ac; Finaliser mon paiement \u2013 Offre 12 Mois \/ 2 Connexions<\/p>\n","protected":false},"author":1,"featured_media":0,"parent":0,"menu_order":0,"comment_status":"closed","ping_status":"closed","template":"elementor_canvas","meta":{"site-sidebar-layout":"default","site-content-layout":"","ast-site-content-layout":"default","site-content-style":"default","site-sidebar-style":"default","ast-global-header-display":"","ast-banner-title-visibility":"","ast-main-header-display":"","ast-hfb-above-header-display":"","ast-hfb-below-header-display":"","ast-hfb-mobile-header-display":"","site-post-title":"","ast-breadcrumbs-content":"","ast-featured-img":"","footer-sml-layout":"","ast-disable-related-posts":"","theme-transparent-header-meta":"","adv-header-id-meta":"","stick-header-meta":"","header-above-stick-meta":"","header-main-stick-meta":"","header-below-stick-meta":"","astra-migrate-meta-layouts":"default","ast-page-background-enabled":"default","ast-page-background-meta":{"desktop":{"background-color":"var(--ast-global-color-4)","background-image":"","background-repeat":"repeat","background-position":"center center","background-size":"auto","background-attachment":"scroll","background-type":"","background-media":"","overlay-type":"","overlay-color":"","overlay-opacity":"","overlay-gradient":""},"tablet":{"background-color":"","background-image":"","background-repeat":"repeat","background-position":"center center","background-size":"auto","background-attachment":"scroll","background-type":"","background-media":"","overlay-type":"","overlay-color":"","overlay-opacity":"","overlay-gradient":""},"mobile":{"background-color":"","background-image":"","background-repeat":"repeat","background-position":"center center","background-size":"auto","background-attachment":"scroll","background-type":"","background-media":"","overlay-type":"","overlay-color":"","overlay-opacity":"","overlay-gradient":""}},"ast-content-background-meta":{"desktop":{"background-color":"var(--ast-global-color-5)","background-image":"","background-repeat":"repeat","background-position":"center center","background-size":"auto","background-attachment":"scroll","background-type":"","background-media":"","overlay-type":"","overlay-color":"","overlay-opacity":"","overlay-gradient":""},"tablet":{"background-color":"var(--ast-global-color-5)","background-image":"","background-repeat":"repeat","background-position":"center center","background-size":"auto","background-attachment":"scroll","background-type":"","background-media":"","overlay-type":"","overlay-color":"","overlay-opacity":"","overlay-gradient":""},"mobile":{"background-color":"var(--ast-global-color-5)","background-image":"","background-repeat":"repeat","background-position":"center center","background-size":"auto","background-attachment":"scroll","background-type":"","background-media":"","overlay-type":"","overlay-color":"","overlay-opacity":"","overlay-gradient":""}},"footnotes":""},"class_list":["post-2302","page","type-page","status-publish","hentry"],"aioseo_notices":[],"_links":{"self":[{"href":"https:\/\/iptvsmarters-officiel.com\/smarters-2026\/wp-json\/wp\/v2\/pages\/2302","targetHints":{"allow":["GET"]}}],"collection":[{"href":"https:\/\/iptvsmarters-officiel.com\/smarters-2026\/wp-json\/wp\/v2\/pages"}],"about":[{"href":"https:\/\/iptvsmarters-officiel.com\/smarters-2026\/wp-json\/wp\/v2\/types\/page"}],"author":[{"embeddable":true,"href":"https:\/\/iptvsmarters-officiel.com\/smarters-2026\/wp-json\/wp\/v2\/users\/1"}],"replies":[{"embeddable":true,"href":"https:\/\/iptvsmarters-officiel.com\/smarters-2026\/wp-json\/wp\/v2\/comments?post=2302"}],"version-history":[{"count":6,"href":"https:\/\/iptvsmarters-officiel.com\/smarters-2026\/wp-json\/wp\/v2\/pages\/2302\/revisions"}],"predecessor-version":[{"id":4403,"href":"https:\/\/iptvsmarters-officiel.com\/smarters-2026\/wp-json\/wp\/v2\/pages\/2302\/revisions\/4403"}],"wp:attachment":[{"href":"https:\/\/iptvsmarters-officiel.com\/smarters-2026\/wp-json\/wp\/v2\/media?parent=2302"}],"curies":[{"name":"wp","href":"https:\/\/api.w.org\/{rel}","templated":true}]}}